{"id":561,"date":"2023-06-02T15:05:24","date_gmt":"2023-06-02T21:05:24","guid":{"rendered":"https:\/\/hotelarenalmontechiari.com\/?page_id=561"},"modified":"2023-06-04T14:04:52","modified_gmt":"2023-06-04T20:04:52","slug":"paquete-romantico","status":"publish","type":"page","link":"https:\/\/hotelarenalmontechiari.com\/en\/paquete-romantico\/","title":{"rendered":"ROMANTIC PACKAGE"},"content":{"rendered":"\n<p><strong><u>PAQUETE ROMANTICO 2 NOCHES<\/u><\/strong><\/p>\n\n\n\n<p>Haga una pausa en su vida profesional para dedicarse a su pareja en un lugar donde se sentir\u00e1 inspirado, renovado y creativo. Aqu\u00ed puede combinar el descanso con actividades en plena naturaleza para mejorar la salud, la buena comunicaci\u00f3n y la intimidad.<\/p>\n\n\n\n<p>El programa incluye:<\/p>\n\n\n\n<ul class=\"wp-block-list\"><li>Habitaci\u00f3n matrimonial con vista, cama doble<\/li><li>Desayuno org\u00e1nico en la habitaci\u00f3n<\/li><li>Cocktail de bienvenida<\/li><li>Arreglos florales en la habitaci\u00f3n<\/li><li>1 botella de vino espumante en la habitaci\u00f3n<\/li><li>1 canasta de frutas tropicales en la habitaci\u00f3n<\/li><li>1 cena gastron\u00f3mica con men\u00fa de 4 cursos<\/li><\/ul>\n\n\n\n<p>Precio por habitaci\u00f3n por 2 noches<\/p>\n\n\n\n<p>S\/. 377.00 \u2013 23% descuento hasta 1 de octubre 2020 : S\/. 290.00<\/p>\n","protected":false},"excerpt":{"rendered":"<p>PAQUETE ROMANTICO 2 NOCHES Haga una pausa en su vida profesional para dedicarse a su pareja en un lugar donde se sentir\u00e1 inspirado, renovado y creativo. Aqu\u00ed puede combinar el descanso con actividades en plena naturaleza para mejorar la salud, la buena comunicaci\u00f3n y la intimidad. El programa incluye: Habitaci\u00f3n matrimonial con vista, cama doble<\/p>\n","protected":false},"author":1,"featured_media":0,"parent":0,"menu_order":0,"comment_status":"closed","ping_status":"closed","template":"","meta":{"footnotes":""},"class_list":["post-561","page","type-page","status-publish","hentry"],"_links":{"self":[{"href":"https:\/\/hotelarenalmontechiari.com\/en\/wp-json\/wp\/v2\/pages\/561\/"}],"collection":[{"href":"https:\/\/hotelarenalmontechiari.com\/en\/wp-json\/wp\/v2\/pages\/"}],"about":[{"href":"https:\/\/hotelarenalmontechiari.com\/en\/wp-json\/wp\/v2\/types\/page\/"}],"author":[{"embeddable":true,"href":"https:\/\/hotelarenalmontechiari.com\/en\/wp-json\/wp\/v2\/users\/1\/"}],"replies":[{"embeddable":true,"href":"https:\/\/hotelarenalmontechiari.com\/en\/wp-json\/wp\/v2\/comments\/?post=561"}],"version-history":[{"count":2,"href":"https:\/\/hotelarenalmontechiari.com\/en\/wp-json\/wp\/v2\/pages\/561\/revisions\/"}],"predecessor-version":[{"id":634,"href":"https:\/\/hotelarenalmontechiari.com\/en\/wp-json\/wp\/v2\/pages\/561\/revisions\/634\/"}],"wp:attachment":[{"href":"https:\/\/hotelarenalmontechiari.com\/en\/wp-json\/wp\/v2\/media\/?parent=561"}],"curies":[{"name":"wp","href":"https:\/\/api.w.org\/{rel}","templated":true}]}}