{"id":556,"date":"2023-06-02T14:51:08","date_gmt":"2023-06-02T20:51:08","guid":{"rendered":"https:\/\/hotelarenalmontechiari.com\/?page_id=556"},"modified":"2023-06-04T13:46:53","modified_gmt":"2023-06-04T19:46:53","slug":"paquete-nevado-pastoruri-2-2","status":"publish","type":"page","link":"https:\/\/hotelarenalmontechiari.com\/en\/paquete-nevado-pastoruri-2-2\/","title":{"rendered":"STAY WITH TOUR TO LA FORTUNA WATERFALL"},"content":{"rendered":"\n<p>La Catarata La Fortuna cae en cascada 200 pies (70 metros) del Cerro Chato, el gemelo densamente boscoso del Volc\u00e1n Arenal. Luego de tomar fotos desde la distancia se emprende una caminata de descenso de 530 escalones hasta la base de la fascinante catarata, donde podr\u00e1 sentir la fuerza de esta majestuosa catarata pulverizando agua la vegetaci\u00f3n alrededor.<\/p>\n\n\n\n<p>El lugar al llegar tiene un amplio espacio de parqueo, as\u00ed mismo tendr\u00e1n a su disposici\u00f3n servicios sanitarios, vestidores, duchas, alquiler de casilleros, tiendas de suvenir, miradores, un jard\u00edn de orqu\u00eddeas y el particular restaurante R\u00edo Lounge.<\/p>\n","protected":false},"excerpt":{"rendered":"<p>La Catarata La Fortuna cae en cascada 200 pies (70 metros) del Cerro Chato, el gemelo densamente boscoso del Volc\u00e1n Arenal. Luego de tomar fotos desde la distancia se emprende una caminata de descenso de 530 escalones hasta la base de la fascinante catarata, donde podr\u00e1 sentir la fuerza de esta majestuosa catarata pulverizando agua<\/p>\n","protected":false},"author":1,"featured_media":0,"parent":0,"menu_order":0,"comment_status":"closed","ping_status":"closed","template":"","meta":{"footnotes":""},"class_list":["post-556","page","type-page","status-publish","hentry"],"_links":{"self":[{"href":"https:\/\/hotelarenalmontechiari.com\/en\/wp-json\/wp\/v2\/pages\/556\/"}],"collection":[{"href":"https:\/\/hotelarenalmontechiari.com\/en\/wp-json\/wp\/v2\/pages\/"}],"about":[{"href":"https:\/\/hotelarenalmontechiari.com\/en\/wp-json\/wp\/v2\/types\/page\/"}],"author":[{"embeddable":true,"href":"https:\/\/hotelarenalmontechiari.com\/en\/wp-json\/wp\/v2\/users\/1\/"}],"replies":[{"embeddable":true,"href":"https:\/\/hotelarenalmontechiari.com\/en\/wp-json\/wp\/v2\/comments\/?post=556"}],"version-history":[{"count":3,"href":"https:\/\/hotelarenalmontechiari.com\/en\/wp-json\/wp\/v2\/pages\/556\/revisions\/"}],"predecessor-version":[{"id":629,"href":"https:\/\/hotelarenalmontechiari.com\/en\/wp-json\/wp\/v2\/pages\/556\/revisions\/629\/"}],"wp:attachment":[{"href":"https:\/\/hotelarenalmontechiari.com\/en\/wp-json\/wp\/v2\/media\/?parent=556"}],"curies":[{"name":"wp","href":"https:\/\/api.w.org\/{rel}","templated":true}]}}